{"id":234,"date":"2023-09-06T22:36:19","date_gmt":"2023-09-06T22:36:19","guid":{"rendered":"https:\/\/axsnacks.com.ar\/site\/?page_id=234"},"modified":"2024-05-09T14:20:35","modified_gmt":"2024-05-09T14:20:35","slug":"politica-de-calidad","status":"publish","type":"page","link":"https:\/\/axsnacks.com.ar\/site\/politica-de-calidad\/","title":{"rendered":"Politica de Calidad"},"content":{"rendered":"<p>[et_pb_section fb_built=\u00bb1&#8243; custom_padding_last_edited=\u00bbon|phone\u00bb _builder_version=\u00bb4.25.0&#8243; _module_preset=\u00bbdefault\u00bb background_enable_color=\u00bboff\u00bb custom_margin=\u00bb-40px||||false|false\u00bb custom_padding=\u00bb60px|0px|47px|0px|false|true\u00bb custom_padding_tablet=\u00bb\u00bb custom_padding_phone=\u00bb0px||||false|true\u00bb hover_enabled=\u00bb0&#8243; global_colors_info=\u00bb{%22gcid-288bc8dd-6d31-4f36-bfee-bf690ad91831%22:%91%22background_color_gradient_stops%22%93}\u00bb background_enable_image=\u00bboff\u00bb sticky_enabled=\u00bb0&#8243; use_background_color_gradient=\u00bbon\u00bb background_color_gradient_stops=\u00bbgcid-288bc8dd-6d31-4f36-bfee-bf690ad91831 78%|#e8af00 100%\u00bb locked=\u00bboff\u00bb][et_pb_row column_structure=\u00bb1_5,3_5,1_5&#8243; use_custom_gutter=\u00bbon\u00bb gutter_width=\u00bb2&#8243; _builder_version=\u00bb4.22.1&#8243; _module_preset=\u00bbdefault\u00bb width=\u00bb90%\u00bb max_width=\u00bb90%\u00bb custom_margin=\u00bb40px||||false|false\u00bb global_colors_info=\u00bb{}\u00bb locked=\u00bboff\u00bb][et_pb_column type=\u00bb1_5&#8243; disabled_on=\u00bbon|off|off\u00bb _builder_version=\u00bb4.16&#8243; _module_preset=\u00bbdefault\u00bb global_colors_info=\u00bb{}\u00bb][et_pb_image src=\u00bbhttps:\/\/axsnacks.com.ar\/site\/wp-content\/uploads\/2021\/06\/papa-frita-home.png\u00bb align=\u00bbcenter\u00bb _builder_version=\u00bb4.25.0&#8243; _module_preset=\u00bbdefault\u00bb custom_margin=\u00bb0px||||false|false\u00bb hover_enabled=\u00bb0&#8243; global_colors_info=\u00bb{}\u00bb sticky_enabled=\u00bb0&#8243;][\/et_pb_image][et_pb_image src=\u00bbhttps:\/\/axsnacks.com.ar\/site\/wp-content\/uploads\/2021\/06\/conito-rojo.png\u00bb align=\u00bbcenter\u00bb _builder_version=\u00bb4.16&#8243; _module_preset=\u00bbdefault\u00bb width=\u00bb75%\u00bb custom_margin=\u00bb|||60px|false|false\u00bb global_colors_info=\u00bb{}\u00bb][\/et_pb_image][\/et_pb_column][et_pb_column type=\u00bb3_5&#8243; _builder_version=\u00bb4.16&#8243; _module_preset=\u00bbdefault\u00bb global_colors_info=\u00bb{}\u00bb][et_pb_text _builder_version=\u00bb4.25.0&#8243; _module_preset=\u00bbdefault\u00bb text_font=\u00bb|700|||||||\u00bb text_text_color=\u00bb#000000&#8243; text_font_size=\u00bb20px\u00bb text_line_height=\u00bb30px\u00bb text_orientation=\u00bbcenter\u00bb hover_enabled=\u00bb0&#8243; global_colors_info=\u00bb{}\u00bb locked=\u00bboff\u00bb sticky_enabled=\u00bb0&#8243;]<\/p>\n<p>POL\u00cdTICA DE CALIDAD E INOCUIDAD<\/p>\n<p>[\/et_pb_text][et_pb_text _builder_version=\u00bb4.22.1&#8243; _module_preset=\u00bbdefault\u00bb text_font=\u00bbMontserrat||||||||\u00bb text_text_color=\u00bb#000000&#8243; text_font_size=\u00bb15px\u00bb text_line_height=\u00bb1.8em\u00bb global_colors_info=\u00bb{}\u00bb]<\/p>\n<p>En nuestra compa\u00f1\u00eda creemos que la calidad y la seguridad alimentaria son claves para el \u00e9xito. Por ello,<br \/>la implementaci\u00f3n de pol\u00edticas que garanticen la calidad y seguridad alimentaria en todos los productos, son<br \/>nuestra prioridad fundamental.<\/p>\n<p>Los puntos que abarca nuestra pol\u00edtica son:<\/p>\n<p>\u2022 Compromiso con la comunicaci\u00f3n externa con clientes, consumidores, proveedores, contratistas y otras<br \/>organizaciones relacionadas al sistema de gesti\u00f3n de la inocuidad alimentaria. Nuestra empresa est\u00e1<br \/>firmemente comprometida en mantener una comunicaci\u00f3n externa eficaz, particularmente respecto a<br \/>los aspectos relacionados a la inocuidad de las materias primas y de los productos fabricados.<\/p>\n<p>\u2022 Satisfacci\u00f3n de cliente. Todos nuestros esfuerzos est\u00e1n orientados a atender sus requisitos de manera<br \/>efectiva y cumplir con las expectativas, sean estas relacionadas con la inocuidad, o con otras<br \/>necesidades. Para esto, nos comprometemos a gestionar las solicitudes en un tiempo oportuno y<br \/>verificar el cumplimiento, haciendo especial \u00e9nfasis a los reclamos, quejas, sugerencias y peticiones.<\/p>\n<p>\u2022 Procesos que garanticen la calidad, seguridad e inocuidad en toda la cadena de valor. Creemos que para<br \/>esto, es necesario contar con todos los recursos y competencias relacionadas, y para lograrlo, contamos<br \/>con procedimientos e instructivos basados en sistemas de calidad como Buenas Pr\u00e1cticas de<br \/>Manufactura, Procedimientos Operativos Estandarizados de Saneamiento y Sistema de An\u00e1lisis de<br \/>Peligros y de Puntos Cr\u00edticos de Control.<\/p>\n<p>\u2022 Garantizar el cumplimiento de los requisitos legales y reglamentarios que afectan a nuestras<br \/>actividades. Nuestra convicci\u00f3n radica en que la transparencia es fundamental para mantener la<br \/>confianza de todas las partes interesadas en nuestras operaciones. Por esta raz\u00f3n, nos comprometemos<br \/>a cumplir con las leyes y regulaciones vigentes, y aseguramos contar con los recursos humanos<br \/>necesarios y con la competencia adecuada para identificar oportunidades de mejora y mantener<br \/>actualizado el sistema de gesti\u00f3n de calidad e inocuidad de los alimentos.<\/p>\n<p>\u2022 Concientizaci\u00f3n y motivaci\u00f3n del personal de la compa\u00f1\u00eda. Buscamos fomentar el crecimiento y<br \/>desarrollo de nuestro equipo a trav\u00e9s de capacitaci\u00f3n, motivaci\u00f3n y liderazgo. Consideramos a cada<br \/>miembro como un pilar fundamental en nuestro proceso productivo y nos comprometemos a<br \/>proporcionarles nuevas herramientas de gesti\u00f3n que contribuyan a su desarrollo personal y profesional.<\/p>\n<p>\u2022 Integraci\u00f3n de nuestros empleados a la pol\u00edtica de la empresa. Nos comprometemos a fomentar una<br \/>comunicaci\u00f3n interna eficaz, promoviendo una interrelaci\u00f3n s\u00f3lida entre todas las \u00e1reas de la empresa.<\/p>\n<p>Nuestra meta es garantizar que toda la informaci\u00f3n relacionada con nuestros procesos y productos se<br \/>transmita de manera oportuna y precisa, con especial \u00e9nfasis en los requisitos de calidad e inocuidad.<br \/>Nuestra compa\u00f1\u00eda se esforzar\u00e1 de manera constante y continua, manteniendo la perseverancia en cada etapa<br \/>de la cadena de valor, para asegurarse de que esta pol\u00edtica se vea reflejada en todos nuestros productos y<br \/>clientes.<\/p>\n<p>[\/et_pb_text][et_pb_image src=\u00bbhttps:\/\/axsnacks.com.ar\/site\/wp-content\/uploads\/2021\/06\/productos-movil.png\u00bb title_text=\u00bbproductos-movil\u00bb disabled_on=\u00bboff|on|on\u00bb _builder_version=\u00bb4.16&#8243; _module_preset=\u00bbdefault\u00bb custom_margin_tablet=\u00bb\u00bb custom_margin_phone=\u00bb||0px||false|false\u00bb custom_margin_last_edited=\u00bbon|phone\u00bb custom_padding=\u00bb||0px||false|false\u00bb global_colors_info=\u00bb{}\u00bb][\/et_pb_image][\/et_pb_column][et_pb_column type=\u00bb1_5&#8243; disabled_on=\u00bbon|off|off\u00bb _builder_version=\u00bb4.16&#8243; _module_preset=\u00bbdefault\u00bb global_colors_info=\u00bb{}\u00bb][et_pb_image src=\u00bbhttps:\/\/axsnacks.com.ar\/site\/wp-content\/uploads\/2021\/06\/conito-amarillo-home.png\u00bb align=\u00bbcenter\u00bb _builder_version=\u00bb4.25.0&#8243; _module_preset=\u00bbdefault\u00bb width=\u00bb61%\u00bb custom_margin=\u00bb0px|||-30px|false|false\u00bb hover_enabled=\u00bb0&#8243; global_colors_info=\u00bb{}\u00bb sticky_enabled=\u00bb0&#8243;][\/et_pb_image][et_pb_image src=\u00bbhttps:\/\/axsnacks.com.ar\/site\/wp-content\/uploads\/2021\/06\/papa-americana-sombra.png\u00bb _builder_version=\u00bb4.16&#8243; _module_preset=\u00bbdefault\u00bb custom_margin=\u00bb||||false|false\u00bb global_colors_info=\u00bb{}\u00bb][\/et_pb_image][\/et_pb_column][\/et_pb_row][\/et_pb_section]<\/p>\n","protected":false},"excerpt":{"rendered":"<p>POL\u00cdTICA DE CALIDAD E INOCUIDADEn nuestra compa\u00f1\u00eda creemos que la calidad y la seguridad alimentaria son claves para el \u00e9xito. Por ello,la implementaci\u00f3n de pol\u00edticas que garanticen la calidad y seguridad alimentaria en todos los productos, sonnuestra prioridad fundamental. Los puntos que abarca nuestra pol\u00edtica son: \u2022 Compromiso con la comunicaci\u00f3n externa con clientes, consumidores, [&hellip;]<\/p>\n","protected":false},"author":3,"featured_media":0,"parent":0,"menu_order":0,"comment_status":"closed","ping_status":"closed","template":"","meta":{"_et_pb_use_builder":"on","_et_pb_old_content":"","_et_gb_content_width":"","footnotes":""},"class_list":["post-234","page","type-page","status-publish","hentry"],"_links":{"self":[{"href":"https:\/\/axsnacks.com.ar\/site\/wp-json\/wp\/v2\/pages\/234"}],"collection":[{"href":"https:\/\/axsnacks.com.ar\/site\/wp-json\/wp\/v2\/pages"}],"about":[{"href":"https:\/\/axsnacks.com.ar\/site\/wp-json\/wp\/v2\/types\/page"}],"author":[{"embeddable":true,"href":"https:\/\/axsnacks.com.ar\/site\/wp-json\/wp\/v2\/users\/3"}],"replies":[{"embeddable":true,"href":"https:\/\/axsnacks.com.ar\/site\/wp-json\/wp\/v2\/comments?post=234"}],"version-history":[{"count":7,"href":"https:\/\/axsnacks.com.ar\/site\/wp-json\/wp\/v2\/pages\/234\/revisions"}],"predecessor-version":[{"id":472,"href":"https:\/\/axsnacks.com.ar\/site\/wp-json\/wp\/v2\/pages\/234\/revisions\/472"}],"wp:attachment":[{"href":"https:\/\/axsnacks.com.ar\/site\/wp-json\/wp\/v2\/media?parent=234"}],"curies":[{"name":"wp","href":"https:\/\/api.w.org\/{rel}","templated":true}]}}